{"id":239,"date":"2024-11-29T12:12:32","date_gmt":"2024-11-29T11:12:32","guid":{"rendered":"https:\/\/www.adventsinger.de\/website\/?page_id=239"},"modified":"2024-11-29T12:22:32","modified_gmt":"2024-11-29T11:22:32","slug":"wunschzettel","status":"publish","type":"page","link":"https:\/\/www.adventsinger.de\/website\/wunschzettel\/","title":{"rendered":"Wunschzettel: Jetzt den Weihnachtsmann f\u00fcr eine Veranstaltung anfragen!"},"content":{"rendered":"<div class=\"wpforms-container wpforms-container-full wpforms-block wpforms-block-dfac4fb7-82f3-4e46-83d8-791820263fa7 wpforms-render-modern\" id=\"wpforms-216\"><form id=\"wpforms-form-216\" class=\"wpforms-validate wpforms-form wpforms-ajax-form\" data-formid=\"216\" method=\"post\" enctype=\"multipart\/form-data\" action=\"\/website\/wp-json\/wp\/v2\/pages\/239\" data-token=\"f6e35febd9754f924adcc31a62de3ea3\" data-token-time=\"1777374893\"><noscript class=\"wpforms-error-noscript\">Bitte aktiviere JavaScript in deinem Browser, um dieses Formular fertigzustellen.<\/noscript><div class=\"wpforms-hidden\" id=\"wpforms-error-noscript\">Bitte aktiviere JavaScript in deinem Browser, um dieses Formular fertigzustellen.<\/div><div class=\"wpforms-field-container\"><div id=\"wpforms-216-field_1-container\" class=\"wpforms-field wpforms-field-name\" data-field-id=\"1\"><fieldset><legend class=\"wpforms-field-label\">Name <span class=\"wpforms-required-label\" aria-hidden=\"true\">*<\/span><\/legend><div class=\"wpforms-field-row wpforms-field-medium\"><div class=\"wpforms-field-row-block wpforms-first wpforms-one-half\"><input type=\"text\" id=\"wpforms-216-field_1\" class=\"wpforms-field-name-first wpforms-field-required\" name=\"wpforms[fields][1][first]\" aria-errormessage=\"wpforms-216-field_1-error\" required><label for=\"wpforms-216-field_1\" class=\"wpforms-field-sublabel after\">Vorname<\/label><\/div><div class=\"wpforms-field-row-block wpforms-one-half\"><input type=\"text\" id=\"wpforms-216-field_1-last\" class=\"wpforms-field-name-last wpforms-field-required\" name=\"wpforms[fields][1][last]\" aria-errormessage=\"wpforms-216-field_1-last-error\" required><label for=\"wpforms-216-field_1-last\" class=\"wpforms-field-sublabel after\">Nachname<\/label><\/div><\/div><\/fieldset><\/div><div id=\"wpforms-216-field_8-container\" class=\"wpforms-field wpforms-field-textarea\" data-field-id=\"8\"><label class=\"wpforms-field-label\" for=\"wpforms-216-field_8\">Stra\u00dfe <span class=\"wpforms-required-label\" aria-hidden=\"true\">*<\/span><\/label><textarea id=\"wpforms-216-field_8\" class=\"wpforms-field-medium wpforms-field-required\" name=\"wpforms[fields][8]\" aria-errormessage=\"wpforms-216-field_8-error\" required><\/textarea><\/div><div id=\"wpforms-216-field_9-container\" class=\"wpforms-field wpforms-field-text\" data-field-id=\"9\"><label class=\"wpforms-field-label\" for=\"wpforms-216-field_9\">Hausnummer <span class=\"wpforms-required-label\" aria-hidden=\"true\">*<\/span><\/label><input type=\"text\" id=\"wpforms-216-field_9\" class=\"wpforms-field-medium wpforms-field-required\" name=\"wpforms[fields][9]\" aria-errormessage=\"wpforms-216-field_9-error\" required><\/div><div id=\"wpforms-216-field_10-container\" class=\"wpforms-field wpforms-field-text\" data-field-id=\"10\"><label class=\"wpforms-field-label\" for=\"wpforms-216-field_10\">Postleitzahl <span class=\"wpforms-required-label\" aria-hidden=\"true\">*<\/span><\/label><input type=\"text\" id=\"wpforms-216-field_10\" class=\"wpforms-field-medium wpforms-field-required\" name=\"wpforms[fields][10]\" aria-errormessage=\"wpforms-216-field_10-error\" required><\/div><div id=\"wpforms-216-field_11-container\" class=\"wpforms-field wpforms-field-text\" data-field-id=\"11\"><label class=\"wpforms-field-label\" for=\"wpforms-216-field_11\">Stadt <span class=\"wpforms-required-label\" aria-hidden=\"true\">*<\/span><\/label><input type=\"text\" id=\"wpforms-216-field_11\" class=\"wpforms-field-medium wpforms-field-required\" name=\"wpforms[fields][11]\" aria-errormessage=\"wpforms-216-field_11-error\" required><\/div><div id=\"wpforms-216-field_2-container\" class=\"wpforms-field wpforms-field-email\" data-field-id=\"2\"><label class=\"wpforms-field-label\" for=\"wpforms-216-field_2\">E-Mail-Adresse <span class=\"wpforms-required-label\" aria-hidden=\"true\">*<\/span><\/label><input type=\"email\" id=\"wpforms-216-field_2\" class=\"wpforms-field-medium wpforms-field-required\" name=\"wpforms[fields][2]\" spellcheck=\"false\" aria-errormessage=\"wpforms-216-field_2-error\" required><\/div><div id=\"wpforms-216-field_6-container\" class=\"wpforms-field wpforms-field-checkbox\" data-field-id=\"6\"><fieldset><legend class=\"wpforms-field-label\">Wie soll der Weihnachtsmann gebucht werden? <span class=\"wpforms-required-label\" aria-hidden=\"true\">*<\/span><\/legend><ul id=\"wpforms-216-field_6\" class=\"wpforms-field-required\"><li class=\"choice-1 depth-1\"><input type=\"checkbox\" id=\"wpforms-216-field_6_1\" name=\"wpforms[fields][6][]\" value=\"Privat\" aria-errormessage=\"wpforms-216-field_6_1-error\" required ><label class=\"wpforms-field-label-inline\" for=\"wpforms-216-field_6_1\">Privat<\/label><\/li><li class=\"choice-2 depth-1\"><input type=\"checkbox\" id=\"wpforms-216-field_6_2\" name=\"wpforms[fields][6][]\" value=\"Gewerblich\" aria-errormessage=\"wpforms-216-field_6_2-error\" required ><label class=\"wpforms-field-label-inline\" for=\"wpforms-216-field_6_2\">Gewerblich<\/label><\/li><li class=\"choice-3 depth-1\"><input type=\"checkbox\" id=\"wpforms-216-field_6_3\" name=\"wpforms[fields][6][]\" value=\"Verein\" aria-errormessage=\"wpforms-216-field_6_3-error\" required ><label class=\"wpforms-field-label-inline\" for=\"wpforms-216-field_6_3\">Verein<\/label><\/li><\/ul><\/fieldset><\/div><div id=\"wpforms-216-field_3-container\" class=\"wpforms-field wpforms-field-textarea\" data-field-id=\"3\"><label class=\"wpforms-field-label\" for=\"wpforms-216-field_3\">Bitte nennen Sie uns Ort und Datum der Veranstaltung, sowie die Anzahl der Personen, die ggf. Geschenke erhalten  <span class=\"wpforms-required-label\" aria-hidden=\"true\">*<\/span><\/label><textarea id=\"wpforms-216-field_3\" class=\"wpforms-field-medium wpforms-field-required\" name=\"wpforms[fields][3]\" aria-errormessage=\"wpforms-216-field_3-error\" aria-describedby=\"wpforms-216-field_3-description\" required><\/textarea><div id=\"wpforms-216-field_3-description\" class=\"wpforms-field-description\">Je detaillierter Ihre Informationen sind, desto schneller k\u00f6nnen wir sie verarbeiten und Ihnen ein Angebot erstellen<\/div><\/div><div id=\"wpforms-216-field_7-container\" class=\"wpforms-field wpforms-field-textarea\" data-field-id=\"7\"><label class=\"wpforms-field-label\" for=\"wpforms-216-field_7\">Ihre Telefonnummer f\u00fcr R\u00fcckfragen <span class=\"wpforms-required-label\" aria-hidden=\"true\">*<\/span><\/label><textarea id=\"wpforms-216-field_7\" class=\"wpforms-field-medium wpforms-field-required\" name=\"wpforms[fields][7]\" aria-errormessage=\"wpforms-216-field_7-error\" aria-describedby=\"wpforms-216-field_7-description\" required><\/textarea><div id=\"wpforms-216-field_7-description\" class=\"wpforms-field-description\">Um Ihnen ein pers\u00f6nliches Angebot zu erstellen sind h\u00e4ufig R\u00fcckfragen notwendig<\/div><\/div><\/div><!-- .wpforms-field-container --><div class=\"wpforms-submit-container\" ><input type=\"hidden\" name=\"wpforms[id]\" value=\"216\"><input type=\"hidden\" name=\"page_title\" value=\"\"><input type=\"hidden\" name=\"page_url\" value=\"https:\/\/www.adventsinger.de\/website\/wp-json\/wp\/v2\/pages\/239\"><input type=\"hidden\" name=\"url_referer\" value=\"\"><button type=\"submit\" name=\"wpforms[submit]\" id=\"wpforms-submit-216\" class=\"wpforms-submit\" data-alt-text=\"Wird gesendet\u00a0\u2026\" data-submit-text=\"Absenden\" aria-live=\"assertive\" value=\"wpforms-submit\">Absenden<\/button><img loading=\"lazy\" decoding=\"async\" src=\"https:\/\/www.adventsinger.de\/website\/wp-content\/plugins\/wpforms-lite\/assets\/images\/submit-spin.svg\" class=\"wpforms-submit-spinner\" style=\"display: none;\" width=\"26\" height=\"26\" alt=\"Wird geladen\"><\/div><\/form><\/div>  <!-- .wpforms-container -->","protected":false},"excerpt":{"rendered":"","protected":false},"author":1,"featured_media":0,"parent":0,"menu_order":0,"comment_status":"closed","ping_status":"closed","template":"","meta":{"footnotes":""},"class_list":["post-239","page","type-page","status-publish","hentry"],"_links":{"self":[{"href":"https:\/\/www.adventsinger.de\/website\/wp-json\/wp\/v2\/pages\/239","targetHints":{"allow":["GET"]}}],"collection":[{"href":"https:\/\/www.adventsinger.de\/website\/wp-json\/wp\/v2\/pages"}],"about":[{"href":"https:\/\/www.adventsinger.de\/website\/wp-json\/wp\/v2\/types\/page"}],"author":[{"embeddable":true,"href":"https:\/\/www.adventsinger.de\/website\/wp-json\/wp\/v2\/users\/1"}],"replies":[{"embeddable":true,"href":"https:\/\/www.adventsinger.de\/website\/wp-json\/wp\/v2\/comments?post=239"}],"version-history":[{"count":4,"href":"https:\/\/www.adventsinger.de\/website\/wp-json\/wp\/v2\/pages\/239\/revisions"}],"predecessor-version":[{"id":249,"href":"https:\/\/www.adventsinger.de\/website\/wp-json\/wp\/v2\/pages\/239\/revisions\/249"}],"wp:attachment":[{"href":"https:\/\/www.adventsinger.de\/website\/wp-json\/wp\/v2\/media?parent=239"}],"curies":[{"name":"wp","href":"https:\/\/api.w.org\/{rel}","templated":true}]}}